{"id":541,"date":"2018-11-27T09:17:08","date_gmt":"2018-11-27T11:17:08","guid":{"rendered":"http:\/\/nblautomacao.com.br\/index.php\/about\/"},"modified":"2022-03-11T23:01:48","modified_gmt":"2022-03-12T02:01:48","slug":"quem-somos","status":"publish","type":"page","link":"https:\/\/nblautomacao.com.br\/index.php\/quem-somos\/","title":{"rendered":"QUEM SOMOS"},"content":{"rendered":"\t\t<div data-elementor-type=\"wp-post\" data-elementor-id=\"541\" class=\"elementor elementor-541\" data-elementor-settings=\"[]\">\n\t\t\t\t\t\t<div class=\"elementor-inner\">\n\t\t\t\t\t\t\t<div class=\"elementor-section-wrap\">\n\t\t\t\t\t\t\t<section class=\"elementor-section elementor-top-section elementor-element elementor-element-5c40d7b elementor-section-boxed elementor-section-height-default elementor-section-height-default\" data-id=\"5c40d7b\" data-element_type=\"section\">\n\t\t\t\t\t\t<div class=\"elementor-container elementor-column-gap-default\">\n\t\t\t\t\t\t\t<div class=\"elementor-row\">\n\t\t\t\t\t<div class=\"elementor-column elementor-col-50 elementor-top-column elementor-element elementor-element-2ebbf9c\" data-id=\"2ebbf9c\" data-element_type=\"column\">\n\t\t\t<div class=\"elementor-column-wrap elementor-element-populated\">\n\t\t\t\t\t\t\t<div class=\"elementor-widget-wrap\">\n\t\t\t\t\t\t<div class=\"elementor-element elementor-element-fe195c7 elementor-widget elementor-widget-heading\" data-id=\"fe195c7\" data-element_type=\"widget\" data-widget_type=\"heading.default\">\n\t\t\t\t<div class=\"elementor-widget-container\">\n\t\t\t<h2 class=\"elementor-heading-title elementor-size-default\">Nossa miss\u00e3o<\/h2>\t\t<\/div>\n\t\t\t\t<\/div>\n\t\t\t\t<div class=\"elementor-element elementor-element-dc051dd elementor-widget-divider--view-line elementor-widget elementor-widget-divider\" data-id=\"dc051dd\" data-element_type=\"widget\" data-widget_type=\"divider.default\">\n\t\t\t\t<div class=\"elementor-widget-container\">\n\t\t\t\t\t<div class=\"elementor-divider\">\n\t\t\t<span class=\"elementor-divider-separator\">\n\t\t\t\t\t\t<\/span>\n\t\t<\/div>\n\t\t\t\t<\/div>\n\t\t\t\t<\/div>\n\t\t\t\t<div class=\"elementor-element elementor-element-e5f497e elementor-widget elementor-widget-text-editor\" data-id=\"e5f497e\" data-element_type=\"widget\" data-widget_type=\"text-editor.default\">\n\t\t\t\t<div class=\"elementor-widget-container\">\n\t\t\t\t\t\t\t\t<div class=\"elementor-text-editor elementor-clearfix\">\n\t\t\t\t<p>Buscamos Sempre superar as expectativas dos nossos clientes, oferecendo produtos com grande qualidade e com pre\u00e7o justo. Nossa miss\u00e3o \u00e9 sempre oferecer servi\u00e7os com efici\u00eancia e agilidade para nossos consumidores<\/p><p>Nossa miss\u00e3o \u00e9 proporcionar aos clientes entregas programadas, com a finalidade de ter o estoque sempre a disposi\u00e7\u00e3o quando solicitado.<br \/>Visando assim a expans\u00e3o de novos segmentos no mercado, atrav\u00e9s do nosso atendimento diferenciado<\/p>\t\t\t\t\t<\/div>\n\t\t\t\t\t\t<\/div>\n\t\t\t\t<\/div>\n\t\t\t\t<div class=\"elementor-element elementor-element-5dcd18a elementor-widget elementor-widget-text-editor\" data-id=\"5dcd18a\" data-element_type=\"widget\" data-widget_type=\"text-editor.default\">\n\t\t\t\t<div class=\"elementor-widget-container\">\n\t\t\t\t\t\t\t\t<div class=\"elementor-text-editor elementor-clearfix\">\n\t\t\t\t\t\t\t\t\t<\/div>\n\t\t\t\t\t\t<\/div>\n\t\t\t\t<\/div>\n\t\t\t\t\t\t<\/div>\n\t\t\t\t\t<\/div>\n\t\t<\/div>\n\t\t\t\t<div class=\"elementor-column elementor-col-50 elementor-top-column elementor-element elementor-element-e5fdae0\" data-id=\"e5fdae0\" data-element_type=\"column\">\n\t\t\t<div class=\"elementor-column-wrap elementor-element-populated\">\n\t\t\t\t\t\t\t<div class=\"elementor-widget-wrap\">\n\t\t\t\t\t\t<div class=\"elementor-element elementor-element-96b5b53 elementor-widget elementor-widget-image\" data-id=\"96b5b53\" data-element_type=\"widget\" data-widget_type=\"image.default\">\n\t\t\t\t<div class=\"elementor-widget-container\">\n\t\t\t\t\t\t\t\t<div class=\"elementor-image\">\n\t\t\t\t\t\t\t\t\t\t\t\t<img width=\"2364\" height=\"2064\" src=\"https:\/\/nblautomacao.com.br\/wp-content\/uploads\/2021\/12\/moelo_logo.png\" class=\"attachment-full size-full\" alt=\"Logo_NBL\" loading=\"lazy\" srcset=\"https:\/\/nblautomacao.com.br\/wp-content\/uploads\/2021\/12\/moelo_logo.png 2364w, https:\/\/nblautomacao.com.br\/wp-content\/uploads\/2021\/12\/moelo_logo-300x262.png 300w, https:\/\/nblautomacao.com.br\/wp-content\/uploads\/2021\/12\/moelo_logo-1024x894.png 1024w, https:\/\/nblautomacao.com.br\/wp-content\/uploads\/2021\/12\/moelo_logo-768x671.png 768w, https:\/\/nblautomacao.com.br\/wp-content\/uploads\/2021\/12\/moelo_logo-1536x1341.png 1536w, https:\/\/nblautomacao.com.br\/wp-content\/uploads\/2021\/12\/moelo_logo-2048x1788.png 2048w, https:\/\/nblautomacao.com.br\/wp-content\/uploads\/2021\/12\/moelo_logo-164x143.png 164w\" sizes=\"(max-width: 2364px) 100vw, 2364px\" \/>\t\t\t\t\t\t\t\t\t\t\t\t\t\t<\/div>\n\t\t\t\t\t\t<\/div>\n\t\t\t\t<\/div>\n\t\t\t\t\t\t<\/div>\n\t\t\t\t\t<\/div>\n\t\t<\/div>\n\t\t\t\t\t\t\t\t<\/div>\n\t\t\t\t\t<\/div>\n\t\t<\/section>\n\t\t\t\t<section class=\"elementor-section elementor-top-section elementor-element elementor-element-e90a943 elementor-section-boxed elementor-section-height-default elementor-section-height-default\" data-id=\"e90a943\" data-element_type=\"section\">\n\t\t\t\t\t\t<div class=\"elementor-container elementor-column-gap-default\">\n\t\t\t\t\t\t\t<div class=\"elementor-row\">\n\t\t\t\t\t<div class=\"elementor-column elementor-col-50 elementor-top-column elementor-element elementor-element-2126f92\" data-id=\"2126f92\" data-element_type=\"column\">\n\t\t\t<div class=\"elementor-column-wrap elementor-element-populated\">\n\t\t\t\t\t\t\t<div class=\"elementor-widget-wrap\">\n\t\t\t\t\t\t<div class=\"elementor-element elementor-element-43a347a elementor-widget elementor-widget-heading\" data-id=\"43a347a\" data-element_type=\"widget\" data-widget_type=\"heading.default\">\n\t\t\t\t<div class=\"elementor-widget-container\">\n\t\t\t<h4 class=\"elementor-heading-title elementor-size-default\">Nossas Tradi\u00e7\u00f5es<\/h4>\t\t<\/div>\n\t\t\t\t<\/div>\n\t\t\t\t<div class=\"elementor-element elementor-element-7818b1a elementor-widget-divider--view-line elementor-widget elementor-widget-divider\" data-id=\"7818b1a\" data-element_type=\"widget\" data-widget_type=\"divider.default\">\n\t\t\t\t<div class=\"elementor-widget-container\">\n\t\t\t\t\t<div class=\"elementor-divider\">\n\t\t\t<span class=\"elementor-divider-separator\">\n\t\t\t\t\t\t<\/span>\n\t\t<\/div>\n\t\t\t\t<\/div>\n\t\t\t\t<\/div>\n\t\t\t\t<div class=\"elementor-element elementor-element-d8f9f49 elementor-widget elementor-widget-text-editor\" data-id=\"d8f9f49\" data-element_type=\"widget\" data-widget_type=\"text-editor.default\">\n\t\t\t\t<div class=\"elementor-widget-container\">\n\t\t\t\t\t\t\t\t<div class=\"elementor-text-editor elementor-clearfix\">\n\t\t\t\t<p>Somos uma empresa de Fam\u00edlia, com 10 anos de experi\u00eancia e acreditamos que com dedica\u00e7\u00e3o e perseveran\u00e7a podemos alcan\u00e7ar nossos objetivos.<\/p>\t\t\t\t\t<\/div>\n\t\t\t\t\t\t<\/div>\n\t\t\t\t<\/div>\n\t\t\t\t\t\t<\/div>\n\t\t\t\t\t<\/div>\n\t\t<\/div>\n\t\t\t\t<div class=\"elementor-column elementor-col-50 elementor-top-column elementor-element elementor-element-e03a328\" data-id=\"e03a328\" data-element_type=\"column\">\n\t\t\t<div class=\"elementor-column-wrap elementor-element-populated\">\n\t\t\t\t\t\t\t<div class=\"elementor-widget-wrap\">\n\t\t\t\t\t\t<div class=\"elementor-element elementor-element-903c186 elementor-widget elementor-widget-heading\" data-id=\"903c186\" data-element_type=\"widget\" data-widget_type=\"heading.default\">\n\t\t\t\t<div class=\"elementor-widget-container\">\n\t\t\t<h4 class=\"elementor-heading-title elementor-size-default\">Nossos Valores<\/h4>\t\t<\/div>\n\t\t\t\t<\/div>\n\t\t\t\t<div class=\"elementor-element elementor-element-23d597c elementor-widget-divider--view-line elementor-widget elementor-widget-divider\" data-id=\"23d597c\" data-element_type=\"widget\" data-widget_type=\"divider.default\">\n\t\t\t\t<div class=\"elementor-widget-container\">\n\t\t\t\t\t<div class=\"elementor-divider\">\n\t\t\t<span class=\"elementor-divider-separator\">\n\t\t\t\t\t\t<\/span>\n\t\t<\/div>\n\t\t\t\t<\/div>\n\t\t\t\t<\/div>\n\t\t\t\t<div class=\"elementor-element elementor-element-f96c87e elementor-icon-list--layout-traditional elementor-list-item-link-full_width elementor-widget elementor-widget-icon-list\" data-id=\"f96c87e\" data-element_type=\"widget\" data-widget_type=\"icon-list.default\">\n\t\t\t\t<div class=\"elementor-widget-container\">\n\t\t\t\t\t<ul class=\"elementor-icon-list-items\">\n\t\t\t\t\t\t\t<li class=\"elementor-icon-list-item\">\n\t\t\t\t\t\t\t\t\t\t\t<span class=\"elementor-icon-list-icon\">\n\t\t\t\t\t\t\t<i aria-hidden=\"true\" class=\"fas fa-minus\"><\/i>\t\t\t\t\t\t<\/span>\n\t\t\t\t\t\t\t\t\t\t<span class=\"elementor-icon-list-text\">Comprometimento<\/span>\n\t\t\t\t\t\t\t\t\t<\/li>\n\t\t\t\t\t\t\t\t<li class=\"elementor-icon-list-item\">\n\t\t\t\t\t\t\t\t\t\t\t<span class=\"elementor-icon-list-icon\">\n\t\t\t\t\t\t\t<i aria-hidden=\"true\" class=\"fas fa-minus\"><\/i>\t\t\t\t\t\t<\/span>\n\t\t\t\t\t\t\t\t\t\t<span class=\"elementor-icon-list-text\">Transpar\u00eancia<\/span>\n\t\t\t\t\t\t\t\t\t<\/li>\n\t\t\t\t\t\t\t\t<li class=\"elementor-icon-list-item\">\n\t\t\t\t\t\t\t\t\t\t\t<span class=\"elementor-icon-list-icon\">\n\t\t\t\t\t\t\t<i aria-hidden=\"true\" class=\"fas fa-minus\"><\/i>\t\t\t\t\t\t<\/span>\n\t\t\t\t\t\t\t\t\t\t<span class=\"elementor-icon-list-text\">\u00c9tica<\/span>\n\t\t\t\t\t\t\t\t\t<\/li>\n\t\t\t\t\t\t\t\t<li class=\"elementor-icon-list-item\">\n\t\t\t\t\t\t\t\t\t\t\t<span class=\"elementor-icon-list-icon\">\n\t\t\t\t\t\t\t<i aria-hidden=\"true\" class=\"fas fa-minus\"><\/i>\t\t\t\t\t\t<\/span>\n\t\t\t\t\t\t\t\t\t\t<span class=\"elementor-icon-list-text\">Efici\u00eancia <\/span>\n\t\t\t\t\t\t\t\t\t<\/li>\n\t\t\t\t\t\t\t\t<li class=\"elementor-icon-list-item\">\n\t\t\t\t\t\t\t\t\t\t\t<span class=\"elementor-icon-list-icon\">\n\t\t\t\t\t\t\t<i aria-hidden=\"true\" class=\"fas fa-minus\"><\/i>\t\t\t\t\t\t<\/span>\n\t\t\t\t\t\t\t\t\t\t<span class=\"elementor-icon-list-text\">Qualidade.<\/span>\n\t\t\t\t\t\t\t\t\t<\/li>\n\t\t\t\t\t\t<\/ul>\n\t\t\t\t<\/div>\n\t\t\t\t<\/div>\n\t\t\t\t\t\t<\/div>\n\t\t\t\t\t<\/div>\n\t\t<\/div>\n\t\t\t\t\t\t\t\t<\/div>\n\t\t\t\t\t<\/div>\n\t\t<\/section>\n\t\t\t\t\t\t<\/div>\n\t\t\t\t\t\t<\/div>\n\t\t\t\t\t<\/div>\n\t\t","protected":false},"excerpt":{"rendered":"<p>Nossa miss\u00e3o Buscamos Sempre superar as expectativas dos nossos clientes, oferecendo produtos com grande qualidade e com pre\u00e7o justo. Nossa miss\u00e3o \u00e9 sempre oferecer servi\u00e7os com efici\u00eancia e agilidade para nossos consumidores Nossa miss\u00e3o \u00e9 proporcionar aos clientes entregas programadas, com a finalidade de ter o estoque sempre a disposi\u00e7\u00e3o quando solicitado.Visando assim a expans\u00e3o &hellip;<\/p>\n<p class=\"read-more\"> <a class=\"\" href=\"https:\/\/nblautomacao.com.br\/index.php\/quem-somos\/\"> <span class=\"screen-reader-text\">QUEM SOMOS<\/span> Leia mais &raquo;<\/a><\/p>\n","protected":false},"author":1,"featured_media":0,"parent":0,"menu_order":0,"comment_status":"closed","ping_status":"closed","template":"","meta":{"om_disable_all_campaigns":false,"site-sidebar-layout":"no-sidebar","site-content-layout":"page-builder","ast-main-header-display":"","ast-hfb-above-header-display":"","ast-hfb-below-header-display":"","ast-hfb-mobile-header-display":"","site-post-title":"disabled","ast-breadcrumbs-content":"","ast-featured-img":"disabled","footer-sml-layout":"","theme-transparent-header-meta":"enabled","adv-header-id-meta":"","stick-header-meta":"","header-above-stick-meta":"","header-main-stick-meta":"","header-below-stick-meta":""},"yoast_head":"<!-- This site is optimized with the Yoast SEO plugin v19.1 - https:\/\/yoast.com\/wordpress\/plugins\/seo\/ -->\n<title>QUEM SOMOS - NBL Automa\u00e7\u00e3o<\/title>\n<meta name=\"robots\" content=\"index, follow, max-snippet:-1, max-image-preview:large, max-video-preview:-1\" \/>\n<link rel=\"canonical\" href=\"https:\/\/nblautomacao.com.br\/index.php\/quem-somos\/\" \/>\n<meta property=\"og:locale\" content=\"pt_BR\" \/>\n<meta property=\"og:type\" content=\"article\" \/>\n<meta property=\"og:title\" content=\"QUEM SOMOS - NBL Automa\u00e7\u00e3o\" \/>\n<meta property=\"og:description\" content=\"Nossa miss\u00e3o Buscamos Sempre superar as expectativas dos nossos clientes, oferecendo produtos com grande qualidade e com pre\u00e7o justo. Nossa miss\u00e3o \u00e9 sempre oferecer servi\u00e7os com efici\u00eancia e agilidade para nossos consumidores Nossa miss\u00e3o \u00e9 proporcionar aos clientes entregas programadas, com a finalidade de ter o estoque sempre a disposi\u00e7\u00e3o quando solicitado.Visando assim a expans\u00e3o &hellip; QUEM SOMOS Leia mais &raquo;\" \/>\n<meta property=\"og:url\" content=\"https:\/\/nblautomacao.com.br\/index.php\/quem-somos\/\" \/>\n<meta property=\"og:site_name\" content=\"NBL Automa\u00e7\u00e3o\" \/>\n<meta property=\"article:modified_time\" content=\"2022-03-12T02:01:48+00:00\" \/>\n<meta property=\"og:image\" content=\"https:\/\/nblautomacao.com.br\/wp-content\/uploads\/2021\/12\/moelo_logo.png\" \/>\n<meta name=\"twitter:card\" content=\"summary_large_image\" \/>\n<meta name=\"twitter:label1\" content=\"Est. tempo de leitura\" \/>\n\t<meta name=\"twitter:data1\" content=\"1 minuto\" \/>\n<script type=\"application\/ld+json\" class=\"yoast-schema-graph\">{\"@context\":\"https:\/\/schema.org\",\"@graph\":[{\"@type\":\"WebSite\",\"@id\":\"https:\/\/nblautomacao.com.br\/#website\",\"url\":\"https:\/\/nblautomacao.com.br\/\",\"name\":\"NBL Automa\u00e7\u00e3o\",\"description\":\"Pre\u00e7o baixo e qualidade\",\"potentialAction\":[{\"@type\":\"SearchAction\",\"target\":{\"@type\":\"EntryPoint\",\"urlTemplate\":\"https:\/\/nblautomacao.com.br\/?s={search_term_string}\"},\"query-input\":\"required name=search_term_string\"}],\"inLanguage\":\"pt-BR\"},{\"@type\":\"ImageObject\",\"inLanguage\":\"pt-BR\",\"@id\":\"https:\/\/nblautomacao.com.br\/index.php\/quem-somos\/#primaryimage\",\"url\":\"https:\/\/nblautomacao.com.br\/wp-content\/uploads\/2021\/12\/moelo_logo.png\",\"contentUrl\":\"https:\/\/nblautomacao.com.br\/wp-content\/uploads\/2021\/12\/moelo_logo.png\",\"width\":2364,\"height\":2064,\"caption\":\"Logo_NBL\"},{\"@type\":\"WebPage\",\"@id\":\"https:\/\/nblautomacao.com.br\/index.php\/quem-somos\/#webpage\",\"url\":\"https:\/\/nblautomacao.com.br\/index.php\/quem-somos\/\",\"name\":\"QUEM SOMOS - NBL Automa\u00e7\u00e3o\",\"isPartOf\":{\"@id\":\"https:\/\/nblautomacao.com.br\/#website\"},\"primaryImageOfPage\":{\"@id\":\"https:\/\/nblautomacao.com.br\/index.php\/quem-somos\/#primaryimage\"},\"datePublished\":\"2018-11-27T11:17:08+00:00\",\"dateModified\":\"2022-03-12T02:01:48+00:00\",\"breadcrumb\":{\"@id\":\"https:\/\/nblautomacao.com.br\/index.php\/quem-somos\/#breadcrumb\"},\"inLanguage\":\"pt-BR\",\"potentialAction\":[{\"@type\":\"ReadAction\",\"target\":[\"https:\/\/nblautomacao.com.br\/index.php\/quem-somos\/\"]}]},{\"@type\":\"BreadcrumbList\",\"@id\":\"https:\/\/nblautomacao.com.br\/index.php\/quem-somos\/#breadcrumb\",\"itemListElement\":[{\"@type\":\"ListItem\",\"position\":1,\"name\":\"In\u00edcio\",\"item\":\"https:\/\/nblautomacao.com.br\/\"},{\"@type\":\"ListItem\",\"position\":2,\"name\":\"QUEM SOMOS\"}]}]}<\/script>\n<!-- \/ Yoast SEO plugin. -->","yoast_head_json":{"title":"QUEM SOMOS - NBL Automa\u00e7\u00e3o","robots":{"index":"index","follow":"follow","max-snippet":"max-snippet:-1","max-image-preview":"max-image-preview:large","max-video-preview":"max-video-preview:-1"},"canonical":"https:\/\/nblautomacao.com.br\/index.php\/quem-somos\/","og_locale":"pt_BR","og_type":"article","og_title":"QUEM SOMOS - NBL Automa\u00e7\u00e3o","og_description":"Nossa miss\u00e3o Buscamos Sempre superar as expectativas dos nossos clientes, oferecendo produtos com grande qualidade e com pre\u00e7o justo. Nossa miss\u00e3o \u00e9 sempre oferecer servi\u00e7os com efici\u00eancia e agilidade para nossos consumidores Nossa miss\u00e3o \u00e9 proporcionar aos clientes entregas programadas, com a finalidade de ter o estoque sempre a disposi\u00e7\u00e3o quando solicitado.Visando assim a expans\u00e3o &hellip; QUEM SOMOS Leia mais &raquo;","og_url":"https:\/\/nblautomacao.com.br\/index.php\/quem-somos\/","og_site_name":"NBL Automa\u00e7\u00e3o","article_modified_time":"2022-03-12T02:01:48+00:00","og_image":[{"url":"https:\/\/nblautomacao.com.br\/wp-content\/uploads\/2021\/12\/moelo_logo.png"}],"twitter_card":"summary_large_image","twitter_misc":{"Est. tempo de leitura":"1 minuto"},"schema":{"@context":"https:\/\/schema.org","@graph":[{"@type":"WebSite","@id":"https:\/\/nblautomacao.com.br\/#website","url":"https:\/\/nblautomacao.com.br\/","name":"NBL Automa\u00e7\u00e3o","description":"Pre\u00e7o baixo e qualidade","potentialAction":[{"@type":"SearchAction","target":{"@type":"EntryPoint","urlTemplate":"https:\/\/nblautomacao.com.br\/?s={search_term_string}"},"query-input":"required name=search_term_string"}],"inLanguage":"pt-BR"},{"@type":"ImageObject","inLanguage":"pt-BR","@id":"https:\/\/nblautomacao.com.br\/index.php\/quem-somos\/#primaryimage","url":"https:\/\/nblautomacao.com.br\/wp-content\/uploads\/2021\/12\/moelo_logo.png","contentUrl":"https:\/\/nblautomacao.com.br\/wp-content\/uploads\/2021\/12\/moelo_logo.png","width":2364,"height":2064,"caption":"Logo_NBL"},{"@type":"WebPage","@id":"https:\/\/nblautomacao.com.br\/index.php\/quem-somos\/#webpage","url":"https:\/\/nblautomacao.com.br\/index.php\/quem-somos\/","name":"QUEM SOMOS - NBL Automa\u00e7\u00e3o","isPartOf":{"@id":"https:\/\/nblautomacao.com.br\/#website"},"primaryImageOfPage":{"@id":"https:\/\/nblautomacao.com.br\/index.php\/quem-somos\/#primaryimage"},"datePublished":"2018-11-27T11:17:08+00:00","dateModified":"2022-03-12T02:01:48+00:00","breadcrumb":{"@id":"https:\/\/nblautomacao.com.br\/index.php\/quem-somos\/#breadcrumb"},"inLanguage":"pt-BR","potentialAction":[{"@type":"ReadAction","target":["https:\/\/nblautomacao.com.br\/index.php\/quem-somos\/"]}]},{"@type":"BreadcrumbList","@id":"https:\/\/nblautomacao.com.br\/index.php\/quem-somos\/#breadcrumb","itemListElement":[{"@type":"ListItem","position":1,"name":"In\u00edcio","item":"https:\/\/nblautomacao.com.br\/"},{"@type":"ListItem","position":2,"name":"QUEM SOMOS"}]}]}},"_links":{"self":[{"href":"https:\/\/nblautomacao.com.br\/index.php\/wp-json\/wp\/v2\/pages\/541"}],"collection":[{"href":"https:\/\/nblautomacao.com.br\/index.php\/wp-json\/wp\/v2\/pages"}],"about":[{"href":"https:\/\/nblautomacao.com.br\/index.php\/wp-json\/wp\/v2\/types\/page"}],"author":[{"embeddable":true,"href":"https:\/\/nblautomacao.com.br\/index.php\/wp-json\/wp\/v2\/users\/1"}],"replies":[{"embeddable":true,"href":"https:\/\/nblautomacao.com.br\/index.php\/wp-json\/wp\/v2\/comments?post=541"}],"version-history":[{"count":31,"href":"https:\/\/nblautomacao.com.br\/index.php\/wp-json\/wp\/v2\/pages\/541\/revisions"}],"predecessor-version":[{"id":831,"href":"https:\/\/nblautomacao.com.br\/index.php\/wp-json\/wp\/v2\/pages\/541\/revisions\/831"}],"wp:attachment":[{"href":"https:\/\/nblautomacao.com.br\/index.php\/wp-json\/wp\/v2\/media?parent=541"}],"curies":[{"name":"wp","href":"https:\/\/api.w.org\/{rel}","templated":true}]}}